{"id":7,"date":"2024-09-25T23:13:19","date_gmt":"2024-09-25T21:13:19","guid":{"rendered":"https:\/\/zahn.digital\/?page_id=7"},"modified":"2024-09-27T20:40:24","modified_gmt":"2024-09-27T18:40:24","slug":"startseite","status":"publish","type":"page","link":"https:\/\/zahn.digital\/","title":{"rendered":"Homepage der Familie Zahn"},"content":{"rendered":"\n<div class=\"wp-block-cover alignfull is-light\" style=\"min-height:720px;aspect-ratio:unset;\"><span aria-hidden=\"true\" class=\"wp-block-cover__background has-background-dim-100 has-background-dim has-background-gradient\" style=\"background:linear-gradient(35deg,rgb(6,0,151) 0%,rgb(130,4,255) 73%,rgb(193,15,255) 100%)\"><\/span><div class=\"wp-block-cover__inner-container is-layout-flow wp-block-cover-is-layout-flow\">\n<div class=\"inherit-container-width wp-block-group alignwide is-layout-constrained wp-block-group-is-layout-constrained\">\n<div class=\"wp-block-media-text alignwide has-media-on-the-right is-stacked-on-mobile is-vertically-aligned-center\" style=\"grid-template-columns:auto 24%\"><div class=\"wp-block-media-text__content\">\n<h1 class=\"wp-block-heading has-text-align-left has-white-color has-text-color\">Gemeinschaft statt Spaltung!<\/h1>\n\n\n\n<p>Wir haben in den letzten 200 Jahren technologisch und sozial viel erreicht, aber bei der Organisation eines Gemeinwesens haben wir seit der modernen Demokratie vor rund 200 Jahren fast keine Fortschritte mehr erzielt.<\/p>\n\n\n\n<p>Wohlgemerkt: Hoch lebe die Demokratie &#8211; wir haben nichts besseres !<br>Aber der Populismus ist der Feind der Demokratie und wir gehen ihm immer wieder auf den Leim. Wir vergessen zu oft die Axiome des menschlichen Zusammenseins:<\/p>\n\n\n\n<ul class=\"wp-block-list\">\n<li>Die W\u00fcrde des Menschen ist unantastbar<\/li>\n\n\n\n<li>Alle Menschen sind gleich<\/li>\n\n\n\n<li>Verhalte Dich so, wie Du willst, dass andere sich Dir gegen\u00fcber verhalten<\/li>\n<\/ul>\n\n\n\n<p>Wir sortieren die Menschen nach Herkunft, Hautfarbe und Religion statt nach Werten wie friedlich, flei\u00dfig oder tolerant. Wenn wir in einer Gemeinschaft leben wollen, dann sollten m\u00f6glichst viele Menschen die gleichen Werte teilen. Wollen wir nicht alle lieber in einer Gemeinschaft leben?<\/p>\n\n\n\n<p>Nicht jeder kann zu uns kommen &#8211; irgendwann ist das Boot voll. Aber Menschen, welche die gleichen Werte teilen, sollten wir stets willkommen hei\u00dfen. Und wenn auch nicht alle bleiben k\u00f6nnen, dann sollten wir ihnen zumindest helfen woanders eine Gemeinschaft mit den gleichen oder \u00e4hnlichen Werten aufzubauen.<\/p>\n\n\n\n<p>Jeder m\u00f6chte f\u00fcr seine Kinder das Beste &#8211; und das ist legitim !<br>Aber d\u00fcrfen wir denen welche Pech bei der Geburt haben keine Chance geben?<br>Aber k\u00f6nnen wir nicht wertorientierter sieben, wer kommen und wer bleiben darf?<\/p>\n\n\n\n<div class=\"wp-block-buttons is-layout-flex wp-block-buttons-is-layout-flex\"><\/div>\n<\/div><figure class=\"wp-block-media-text__media\"><img loading=\"lazy\" decoding=\"async\" width=\"512\" height=\"512\" src=\"https:\/\/zahn.digital\/wp-content\/uploads\/2024\/09\/cropped-Zahn-1.png\" alt=\"\" class=\"wp-image-62 size-full\" srcset=\"https:\/\/zahn.digital\/wp-content\/uploads\/2024\/09\/cropped-Zahn-1.png 512w, https:\/\/zahn.digital\/wp-content\/uploads\/2024\/09\/cropped-Zahn-1-300x300.png 300w, https:\/\/zahn.digital\/wp-content\/uploads\/2024\/09\/cropped-Zahn-1-150x150.png 150w, https:\/\/zahn.digital\/wp-content\/uploads\/2024\/09\/cropped-Zahn-1-270x270.png 270w, https:\/\/zahn.digital\/wp-content\/uploads\/2024\/09\/cropped-Zahn-1-192x192.png 192w, https:\/\/zahn.digital\/wp-content\/uploads\/2024\/09\/cropped-Zahn-1-180x180.png 180w, https:\/\/zahn.digital\/wp-content\/uploads\/2024\/09\/cropped-Zahn-1-32x32.png 32w\" sizes=\"auto, (max-width: 512px) 100vw, 512px\" \/><\/figure><\/div>\n<\/div>\n<\/div><\/div>\n\n\n\n<div class=\"wp-block-group alignfull is-layout-constrained wp-container-core-group-is-layout-45b0ac4f wp-block-group-is-layout-constrained\" id=\"services\" style=\"padding-top:144px;padding-bottom:0px\">\n<h2 class=\"wp-block-heading\">Unsere Familie<\/h2>\n\n\n\n<div class=\"wp-block-columns is-layout-flex wp-container-core-columns-is-layout-60cbf9bb wp-block-columns-is-layout-flex\" style=\"margin-top:50px\">\n<div class=\"wp-block-column is-layout-flow wp-container-core-column-is-layout-6b73ce23 wp-block-column-is-layout-flow\">\n<figure class=\"wp-block-image aligncenter size-full\"><img loading=\"lazy\" decoding=\"async\" width=\"180\" height=\"180\" src=\"https:\/\/zahn.digital\/wp-content\/uploads\/2024\/09\/Wolfram.png\" alt=\"\" class=\"wp-image-75\" srcset=\"https:\/\/zahn.digital\/wp-content\/uploads\/2024\/09\/Wolfram.png 180w, https:\/\/zahn.digital\/wp-content\/uploads\/2024\/09\/Wolfram-150x150.png 150w\" sizes=\"auto, (max-width: 180px) 100vw, 180px\" \/><\/figure>\n\n\n\n<h3 class=\"wp-block-heading has-text-align-center\" style=\"margin-top:16px\">Wolfram<\/h3>\n\n\n\n<p>Ein Holsteiner mit schw\u00e4bischem Migrationshintergrund, das ist eine Promenadenmischung.<\/p>\n\n\n\n<p>Der Vater aus Pommern, die Mutter aus B\u00f6hmen und die Frau aus Bayern, da kann man den Rest ja erahnen: Ja zu Europa; Ja zu Menschenrechten; Ja zu Mensch, Tier und Natur; Nein zu Nationalismus, Rassismus, Ignoranz, geistiger Borniertheit und \u00dcberheblichkeit.<\/p>\n<\/div>\n\n\n\n<div class=\"wp-block-column is-layout-flow wp-container-core-column-is-layout-6b73ce23 wp-block-column-is-layout-flow\">\n<figure class=\"wp-block-image aligncenter size-full\"><img loading=\"lazy\" decoding=\"async\" width=\"180\" height=\"180\" src=\"https:\/\/zahn.digital\/wp-content\/uploads\/2024\/09\/Steffi-1.png\" alt=\"\" class=\"wp-image-68\" srcset=\"https:\/\/zahn.digital\/wp-content\/uploads\/2024\/09\/Steffi-1.png 180w, https:\/\/zahn.digital\/wp-content\/uploads\/2024\/09\/Steffi-1-150x150.png 150w\" sizes=\"auto, (max-width: 180px) 100vw, 180px\" \/><\/figure>\n\n\n\n<h3 class=\"wp-block-heading has-text-align-center\" style=\"margin-top:16px\">Steffi<\/h3>\n\n\n\n<p>Geboren als Stephanie Stamm in M\u00fcnchen, ist sie doch eher Rheinl\u00e4nderin als Bayerin. Das kann nur an den m\u00fctterlichen Gro\u00dfeltern liegen.<\/p>\n\n\n\n<p>Sie war es die uns aus dem Sp\u00e4tzleland in das Land hinter den Deichen f\u00fchrte.<\/p>\n\n\n\n<p>Vorzugsweise dreht sie mit Balu ihre Kreise durch unsere sch\u00f6nen Lande.<\/p>\n<\/div>\n\n\n\n<div class=\"wp-block-column is-layout-flow wp-container-core-column-is-layout-6b73ce23 wp-block-column-is-layout-flow\">\n<figure class=\"wp-block-image aligncenter size-full\"><img loading=\"lazy\" decoding=\"async\" width=\"180\" height=\"180\" src=\"https:\/\/zahn.digital\/wp-content\/uploads\/2024\/09\/Annika.png\" alt=\"\" class=\"wp-image-64\" srcset=\"https:\/\/zahn.digital\/wp-content\/uploads\/2024\/09\/Annika.png 180w, https:\/\/zahn.digital\/wp-content\/uploads\/2024\/09\/Annika-150x150.png 150w\" sizes=\"auto, (max-width: 180px) 100vw, 180px\" \/><\/figure>\n\n\n\n<h3 class=\"wp-block-heading has-text-align-center\" style=\"margin-top:16px\">Annika<\/h3>\n\n\n\n<p>Sie ist ein echter Zahn. Stur, geradeaus, immer ehrlich, nie diplomatisch und mit einer Energie die einen neidisch machen kann.<\/p>\n\n\n\n<p>Annika ist ein sehr kreativer und musikalischer Mensch. Sie spielt Gitarre und Keyboard und singt gerne &#8211; vorzugsweise allein.<\/p>\n\n\n\n<p>Beruflich wandert sie auf Opas Pfaden und hat sich der P\u00e4dagogik verschrieben.<\/p>\n<\/div>\n\n\n\n<div class=\"wp-block-column is-layout-flow wp-container-core-column-is-layout-6b73ce23 wp-block-column-is-layout-flow\">\n<figure class=\"wp-block-image aligncenter size-full\"><img loading=\"lazy\" decoding=\"async\" width=\"180\" height=\"180\" src=\"https:\/\/zahn.digital\/wp-content\/uploads\/2024\/09\/Laura.png\" alt=\"\" class=\"wp-image-67\" srcset=\"https:\/\/zahn.digital\/wp-content\/uploads\/2024\/09\/Laura.png 180w, https:\/\/zahn.digital\/wp-content\/uploads\/2024\/09\/Laura-150x150.png 150w\" sizes=\"auto, (max-width: 180px) 100vw, 180px\" \/><\/figure>\n\n\n\n<h3 class=\"wp-block-heading has-text-align-center\" style=\"margin-top:16px\">Laura<\/h3>\n\n\n\n<p>Sie ist eine handwerklich sehr begabt. Sie bastelt und n\u00e4ht, malt und schreinert und das alles mit ungeheurem Geschick. Menschenmengen sind aber nicht ihr Ding.<\/p>\n\n\n\n<p>Erst eine Idee, dann das lange Nachdenken was man mit der Idee anfangen kann. Dann das T\u00fcfteln an der Ausf\u00fchrung und zuletzt das handwerkliche Geschick sind einfach typisch f\u00fcr sie.<\/p>\n<\/div>\n<\/div>\n\n\n\n<div class=\"wp-block-columns is-layout-flex wp-container-core-columns-is-layout-60cbf9bb wp-block-columns-is-layout-flex\" style=\"margin-top:50px\">\n<div class=\"wp-block-column is-layout-flow wp-container-core-column-is-layout-6b73ce23 wp-block-column-is-layout-flow\">\n<figure class=\"wp-block-image aligncenter size-full\"><img loading=\"lazy\" decoding=\"async\" width=\"180\" height=\"180\" src=\"https:\/\/zahn.digital\/wp-content\/uploads\/2024\/09\/Balu.jpg\" alt=\"\" class=\"wp-image-65\" srcset=\"https:\/\/zahn.digital\/wp-content\/uploads\/2024\/09\/Balu.jpg 180w, https:\/\/zahn.digital\/wp-content\/uploads\/2024\/09\/Balu-150x150.jpg 150w\" sizes=\"auto, (max-width: 180px) 100vw, 180px\" \/><\/figure>\n\n\n\n<h3 class=\"wp-block-heading has-text-align-center\" style=\"margin-top:16px\">Balu<\/h3>\n\n\n\n<p>Balu ist ein gr\u00f6\u00dferer Dicksch\u00e4del als jeder Nordfriese und Schweizer zusammen. Dabei aber immer so fr\u00f6hlich und aufgeweckt, dass jeder Italiener und Spanier vor Neid erblassen k\u00f6nnte. Er ist gro\u00df, schwer und tapsig und w\u00fcrde keiner Fliege etwas zu leide tun, wenn sie nur nicht immer am falschen Ort parken w\u00fcrde und er einfach besser anhalten k\u00f6nnte &#8230;<\/p>\n\n\n\n<p>Gewarnt wird aber vor einer Verletzung seiner Familie, seines Heims oder seines Garten, denn dann nimmt er auch gerne Organspenden ohne Narkose entgegen.<\/p>\n<\/div>\n\n\n\n<div class=\"wp-block-column is-layout-flow wp-container-core-column-is-layout-6b73ce23 wp-block-column-is-layout-flow\">\n<figure class=\"wp-block-image aligncenter size-full\"><img loading=\"lazy\" decoding=\"async\" width=\"180\" height=\"180\" src=\"https:\/\/zahn.digital\/wp-content\/uploads\/2024\/09\/Blackie.jpg\" alt=\"\" class=\"wp-image-66\" srcset=\"https:\/\/zahn.digital\/wp-content\/uploads\/2024\/09\/Blackie.jpg 180w, https:\/\/zahn.digital\/wp-content\/uploads\/2024\/09\/Blackie-150x150.jpg 150w\" sizes=\"auto, (max-width: 180px) 100vw, 180px\" \/><\/figure>\n\n\n\n<h3 class=\"wp-block-heading has-text-align-center\" style=\"margin-top:16px\">Blackie<\/h3>\n\n\n\n<p>Blackie ist ein kleiner, gro\u00dfer Tolpatsch mit dem Herz eines L\u00f6wen aber dem Mut eines Hasen. Apropos Hase, dies beschreibt auch seine Fortbewegungsweise recht passend. Er hat ein sehr gro\u00dfes Kuschelbed\u00fcrfnis, vorallem wenn man ihn gerade aus einer misslichen Lage befreit hat.<\/p>\n\n\n\n<p>Genau die Widerspr\u00fcche in seinem Wesen machen ihn zu einem besonders s\u00fc\u00dfen Lebewesen, welches von allen anderen in seiner Herde besonders gern gemocht wird.<\/p>\n<\/div>\n\n\n\n<div class=\"wp-block-column is-layout-flow wp-container-core-column-is-layout-6b73ce23 wp-block-column-is-layout-flow\">\n<figure class=\"wp-block-image aligncenter size-full\"><img loading=\"lazy\" decoding=\"async\" width=\"180\" height=\"180\" src=\"https:\/\/zahn.digital\/wp-content\/uploads\/2024\/09\/Whitey.jpg\" alt=\"\" class=\"wp-image-69\" srcset=\"https:\/\/zahn.digital\/wp-content\/uploads\/2024\/09\/Whitey.jpg 180w, https:\/\/zahn.digital\/wp-content\/uploads\/2024\/09\/Whitey-150x150.jpg 150w\" sizes=\"auto, (max-width: 180px) 100vw, 180px\" \/><\/figure>\n\n\n\n<h3 class=\"wp-block-heading has-text-align-center\" style=\"margin-top:16px\">Whitey<\/h3>\n\n\n\n<p>Whitey ist eine Kratzb\u00fcrste, die extrem gut klettern und springen kann. Einfach so mal streicheln geht bei ihr gar nicht. Erst wenn Sie einem Audienz gew\u00e4hrt, dann darf man ihr eine zeitlich begrenzte Menge an Liebkosungen verabreichen. Ihr Character ist feinf\u00fchlig egozentrisch.<\/p>\n\n\n\n<p>Aber genau diese Widerborstigkeit, der in jedem Menschen den Wunsch aufkommen l\u00e4sst, dass sie ihn doch einfach m\u00f6gen muss, macht sie so liebenswert. Sie ist kein Darling sondern eine eigenwillige Herausforderung.<\/p>\n<\/div>\n<\/div>\n<\/div>\n\n\n\n<div class=\"wp-block-group alignfull has-ast-global-color-5-background-color has-background is-layout-constrained wp-container-core-group-is-layout-94d206d0 wp-block-group-is-layout-constrained\" id=\"about\" style=\"padding-top:143px;padding-bottom:144px\">\n<div class=\"wp-block-media-text has-media-on-the-right is-stacked-on-mobile is-vertically-aligned-center\"><div class=\"wp-block-media-text__content\">\n<div class=\"inherit-container-width wp-block-group is-layout-constrained wp-container-core-group-is-layout-47ce07ec wp-block-group-is-layout-constrained\" style=\"padding-right:80px\">\n<h2 class=\"wp-block-heading\" style=\"padding-right:40px\">Unser Zuhause<\/h2>\n\n\n\n<p>Seit dem Sommer 2010 leben wir in diesem wundersch\u00f6nen Haus vor den Toren Hamburgs. Es bietet gen\u00fcgend Platz f\u00fcr die ganze Familie. F\u00fcr Besucher haben wir stets ein G\u00e4stezimmer bereit. Neben seiner idealen Lage ist es ein gr\u00fcner Ruhepol mitten in der Stadt.<\/p>\n\n\n\n<p>Zu erreichen sind wir per Bahn auf der Strecke Hamburg-L\u00fcbeck, von Hamburg per U-Bahn Linie 1 Haltestelle Ahrensburg-West oder nat\u00fcrlich per Auto auf der A1 Ausfahrt Ahrensburg.<\/p>\n<\/div>\n<\/div><figure class=\"wp-block-media-text__media\"><img loading=\"lazy\" decoding=\"async\" width=\"240\" height=\"180\" src=\"https:\/\/zahn.digital\/wp-content\/uploads\/2024\/09\/Home.png\" alt=\"\" class=\"wp-image-57 size-full\"\/><\/figure><\/div>\n<\/div>\n\n\n\n<div class=\"wp-block-group alignfull has-ast-global-color-4-background-color has-background is-layout-constrained wp-container-core-group-is-layout-6a2cfb7b wp-block-group-is-layout-constrained\" id=\"reviews\">\n<figure class=\"wp-block-image aligncenter size-full is-resized is-style-default\"><img loading=\"lazy\" decoding=\"async\" width=\"768\" height=\"768\" src=\"https:\/\/zahn.digital\/wp-content\/uploads\/2024\/09\/Bob_Marley.png\" alt=\"\" class=\"wp-image-71\" style=\"width:64px;height:auto\" srcset=\"https:\/\/zahn.digital\/wp-content\/uploads\/2024\/09\/Bob_Marley.png 768w, https:\/\/zahn.digital\/wp-content\/uploads\/2024\/09\/Bob_Marley-300x300.png 300w, https:\/\/zahn.digital\/wp-content\/uploads\/2024\/09\/Bob_Marley-150x150.png 150w\" sizes=\"auto, (max-width: 768px) 100vw, 768px\" \/><\/figure>\n\n\n\n<p class=\"has-text-align-center\" style=\"font-size:22px;line-height:1.6\">\u201cEmancipate yourselves from mental slavery<br>None but ourselves can free our minds\u201d<\/p>\n\n\n\n<p class=\"has-text-align-center\"><strong>Bob Marley \/ Redemption song<\/strong><\/p>\n<\/div>\n\n\n\n<p><\/p>\n","protected":false},"excerpt":{"rendered":"<p>Unsere Familie Wolfram Ein Holsteiner mit schw\u00e4bischem Migrationshintergrund, das ist eine Promenadenmischung. Der Vater aus Pommern, die Mutter aus B\u00f6hmen [&hellip;]<\/p>\n","protected":false},"author":1,"featured_media":0,"parent":0,"menu_order":0,"comment_status":"closed","ping_status":"closed","template":"","meta":{"site-sidebar-layout":"no-sidebar","site-content-layout":"plain-container","ast-site-content-layout":"default","site-content-style":"default","site-sidebar-style":"default","ast-global-header-display":"","ast-banner-title-visibility":"","ast-main-header-display":"","ast-hfb-above-header-display":"","ast-hfb-below-header-display":"","ast-hfb-mobile-header-display":"","site-post-title":"disabled","ast-breadcrumbs-content":"","ast-featured-img":"","footer-sml-layout":"","theme-transparent-header-meta":"enabled","adv-header-id-meta":"","stick-header-meta":"","header-above-stick-meta":"","header-main-stick-meta":"","header-below-stick-meta":"","astra-migrate-meta-layouts":"default","ast-page-background-enabled":"default","ast-page-background-meta":{"desktop":{"background-color":"var(--ast-global-color-4)","background-image":"","background-repeat":"repeat","background-position":"center center","background-size":"auto","background-attachment":"scroll","background-type":"","background-media":"","overlay-type":"","overlay-color":"","overlay-opacity":"","overlay-gradient":""},"tablet":{"background-color":"","background-image":"","background-repeat":"repeat","background-position":"center center","background-size":"auto","background-attachment":"scroll","background-type":"","background-media":"","overlay-type":"","overlay-color":"","overlay-opacity":"","overlay-gradient":""},"mobile":{"background-color":"","background-image":"","background-repeat":"repeat","background-position":"center center","background-size":"auto","background-attachment":"scroll","background-type":"","background-media":"","overlay-type":"","overlay-color":"","overlay-opacity":"","overlay-gradient":""}},"ast-content-background-meta":{"desktop":{"background-color":"var(--ast-global-color-5)","background-image":"","background-repeat":"repeat","background-position":"center center","background-size":"auto","background-attachment":"scroll","background-type":"","background-media":"","overlay-type":"","overlay-color":"","overlay-opacity":"","overlay-gradient":""},"tablet":{"background-color":"var(--ast-global-color-5)","background-image":"","background-repeat":"repeat","background-position":"center center","background-size":"auto","background-attachment":"scroll","background-type":"","background-media":"","overlay-type":"","overlay-color":"","overlay-opacity":"","overlay-gradient":""},"mobile":{"background-color":"var(--ast-global-color-5)","background-image":"","background-repeat":"repeat","background-position":"center center","background-size":"auto","background-attachment":"scroll","background-type":"","background-media":"","overlay-type":"","overlay-color":"","overlay-opacity":"","overlay-gradient":""}},"footnotes":""},"class_list":["post-7","page","type-page","status-publish","hentry"],"jetpack_sharing_enabled":true,"_links":{"self":[{"href":"https:\/\/zahn.digital\/index.php\/wp-json\/wp\/v2\/pages\/7","targetHints":{"allow":["GET"]}}],"collection":[{"href":"https:\/\/zahn.digital\/index.php\/wp-json\/wp\/v2\/pages"}],"about":[{"href":"https:\/\/zahn.digital\/index.php\/wp-json\/wp\/v2\/types\/page"}],"author":[{"embeddable":true,"href":"https:\/\/zahn.digital\/index.php\/wp-json\/wp\/v2\/users\/1"}],"replies":[{"embeddable":true,"href":"https:\/\/zahn.digital\/index.php\/wp-json\/wp\/v2\/comments?post=7"}],"version-history":[{"count":11,"href":"https:\/\/zahn.digital\/index.php\/wp-json\/wp\/v2\/pages\/7\/revisions"}],"predecessor-version":[{"id":96,"href":"https:\/\/zahn.digital\/index.php\/wp-json\/wp\/v2\/pages\/7\/revisions\/96"}],"wp:attachment":[{"href":"https:\/\/zahn.digital\/index.php\/wp-json\/wp\/v2\/media?parent=7"}],"curies":[{"name":"wp","href":"https:\/\/api.w.org\/{rel}","templated":true}]}}